{"id":167275,"date":"2021-09-24T14:47:03","date_gmt":"2021-09-24T12:47:03","guid":{"rendered":"https:\/\/www.ave.it\/?page_id=167275"},"modified":"2021-09-24T15:05:59","modified_gmt":"2021-09-24T13:05:59","slug":"politica-de-privacidad","status":"publish","type":"page","link":"https:\/\/www.ave.it\/en\/politica-de-privacidad\/","title":{"rendered":"Pol\u00edticas de privacidad"},"content":{"rendered":"<p>[vc_row row_type=&#8221;parallax&#8221; parallax_content_width=&#8221;in_grid&#8221; text_align=&#8221;left&#8221; full_screen_section_height=&#8221;no&#8221; el_id=&#8221;desktop&#8221; el_class=&#8221;title-section-black visible-desktop&#8221; background_image=&#8221;67067&#8243; section_height=&#8221;237&#8243;][vc_column el_class=&#8221;padding-txt-center&#8221;][vc_column_text]<\/p>\n<h1 class=\"title-right\">AVE<\/h1>\n<p>[\/vc_column_text][vc_column_text]<\/p>\n<p class=\"subtitle-funzioni\" style=\"color: #fff;\"><b>Politica de privacidad<\/b><\/p>\n<p>[\/vc_column_text][\/vc_column][\/vc_row][vc_row css_animation=&#8221;&#8221; row_type=&#8221;row&#8221; use_row_as_full_screen_section=&#8221;no&#8221; type=&#8221;full_width&#8221; angled_section=&#8221;no&#8221; text_align=&#8221;left&#8221; background_image_as_pattern=&#8221;without_pattern&#8221; el_class=&#8221;title-section-black visible-mobile-tablet&#8221; background_image=&#8221;67067&#8243; z_index=&#8221;&#8221; el_id=&#8221;mobile-tablet&#8221;][vc_column el_class=&#8221;padding-txt-center&#8221;][vc_column_text]<\/p>\n<h1 class=\"title-right\">AVE<\/h1>\n<p>[\/vc_column_text][vc_column_text]<\/p>\n<p class=\"subtitle-funzioni\" style=\"color: #fff;\"><b>Politica de privacidad<\/b><\/p>\n<p>[\/vc_column_text][\/vc_column][\/vc_row][vc_row css_animation=&#8221;&#8221; row_type=&#8221;row&#8221; use_row_as_full_screen_section=&#8221;no&#8221; type=&#8221;grid&#8221; angled_section=&#8221;no&#8221; text_align=&#8221;left&#8221; background_image_as_pattern=&#8221;without_pattern&#8221; background_color=&#8221;#ffffff&#8221; el_class=&#8221;content content-page-solo-testo&#8221; z_index=&#8221;&#8221;][vc_column width=&#8221;1\/4&#8243; el_class=&#8221;colonna-sidebar-interno-pagina&#8221;][vc_widget_sidebar sidebar_id=&#8221;Menu Azienda&#8221;][\/vc_column][vc_column width=&#8221;3\/4&#8243; el_class=&#8221;padding-txt-center-&#8220;][vc_column_text css=&#8221;.vc_custom_1632487364695{margin-top: 0px !important;margin-bottom: 0px !important;padding-top: 0px !important;padding-bottom: 0px !important;}&#8221;]<\/p>\n<h2>Pol\u00edticas de privacidad<\/h2>\n<p>[\/vc_column_text][vc_separator type=&#8221;transparent&#8221; up=&#8221;14&#8243; down=&#8221;14&#8243;][vc_column_text]<\/p>\n<p class=\"rtejustify\"><strong>INFORMACI\u00d3N SOBRE EL TRATAMIENTO DE LOS DATOS PERSONALES DE CONFORMIDAD CON LA LEGISLACI\u00d3N VIGENTE<\/strong><\/p>\n<p><strong>1) RESPONSABLE Y DATOS DE CONTACTO<\/strong>: el responsable del tratamiento es la sociedad Ave S.p.a. a trav\u00e9s de su representante legal pro tempore. La sociedad tiene domicilio en Via Mazzini 75, 25086 Rezzato (Brescia) Italia e-mail <a href=\"mailto:privacy@ave.it\">privacy@ave.it<\/a>.<\/p>\n<p><strong>2) FINALIDAD DEL TRATAMIENTO Y FUNDAMENTO JUR\u00cdDICO<\/strong>: sus datos personales ser\u00e1n recogidos y tratados, con su autorizaci\u00f3n cuando sea necesario, para garantizar la inscripci\u00f3n en los sitios web de Ave S.p.A. y para el suministro de los contenidos y la prestaci\u00f3n de los servicios ofrecidos a trav\u00e9s de dichos sitios web y las plataformas online vinculadas a estos, para realizar estudios de mercado y estad\u00edsticas referentes a actividades de marketing, para finalidades de marketing directo, tanto estrat\u00e9gico como operativo incluido el env\u00edo de material publicitario y t\u00e9cnico promocional (cat\u00e1logos, newsletters, participaci\u00f3n en community de diferentes tipos) por correo electr\u00f3nico, sms, correo ordinario, tel\u00e9fono con operador, para comprobar el grado de satisfacci\u00f3n sobre la calidad de los productos y servicios, para finalidades asociadas a la celebraci\u00f3n y a la ejecuci\u00f3n de contratos de venta, para finalidades de seguridad inform\u00e1tica y para cumplir con cualquier tipo de obligaci\u00f3n prevista por legislaci\u00f3n o reglamentos.\u2028La comunicaci\u00f3n de los datos personales es libre y opcional. No obstante, el negarse a comunicar los datos implicar\u00e1 la imposibilidad de realizar la inscripci\u00f3n en los sitios web y, en consecuencia, de disfrutar de los servicios solicitados, la informaci\u00f3n, las comunicaciones, material publicitario y t\u00e9cnico promocional.\u2028El tratamiento de los datos para las finalidades arriba indicadas encuentra su fundamento jur\u00eddico en el art. 6, apartado 1 let. a (autorizaci\u00f3n), let. b (cumplimiento de obligaciones precontractuales y contractuales), let. c (cumplir obligaciones legales) y let. f (inter\u00e9s leg\u00edtimo) del Reg. UE 2016\/679).<\/p>\n<p><strong>3) CATEGOR\u00cdAS DE DATOS PERSONALES<\/strong>: se recoger\u00e1n y tratar\u00e1n datos personales de tipo identificativo, personal o comercial (como por ejemplo: nombre, apellidos y direcci\u00f3n de correo electr\u00f3nico). No se recoger\u00e1n datos personales sensibles (como por ejemplo datos relativos a la salud o a opiniones pol\u00edticas) ni datos judiciales. Se recoger\u00e1n tambi\u00e9n datos de navegaci\u00f3n y\/o interacci\u00f3n recabados por los sistemas inform\u00e1ticos y por los procedimientos de software de estos sitios web y\/o por software de terceros (a t\u00edtulo de ejemplo: direcciones IP, hora de la petici\u00f3n). Estos datos se utilizar\u00e1n a fin de comparar y, en su caso, mejorar los resultados de las comunicaciones.<\/p>\n<p><strong>4) INTERESES LEG\u00cdTIMOS DEL RESPONSABLE DEL TRATAMIENTO<\/strong>: el tratamiento de sus datos personales es necesario para conseguir las finalidades de arriba. En concreto, constituye inter\u00e9s leg\u00edtimo de Ave S.p.A. el tratamiento de sus datos para finalidades de marketing directo y para finalidades de seguridad inform\u00e1tica. Sus datos se tratar\u00e1n con instrumentos manuales, inform\u00e1ticos y telem\u00e1ticos adecuados para garantizar la seguridad y la confidencialidad de sus datos personales evitando su extrav\u00edo, usos il\u00edcitos e incorrectos y los accesos no autorizados. El tratamiento de sus datos solo se permitir\u00e1 a personas designadas Responsables del Tratamiento, Delegados y\/o Encargados del tratamiento. La recogida, la transmisi\u00f3n, el archivo y la conservaci\u00f3n de sus datos personales est\u00e1n protegidos mediante usuario y password y por protocolos de encriptaci\u00f3n con certificados web SSL, por sistemas de protecci\u00f3n anti brutal force y captcha. Sus datos se conservar\u00e1n en archivos electr\u00f3nicos protegidos en server utilizados por Ave S.p.A. y situados tanto en Ave S.p.A. como en los del provider. Los servicios utilizados para comunicar, promocionar, archivar o gestionar datos se proteger\u00e1n con protocolos SSL y sistemas de protecci\u00f3n oportunos.<\/p>\n<p><strong>5) DESTINATARIOS DEL TRATAMIENTO<\/strong>: sus datos personales no se difundir\u00e1n de ning\u00fan modo, pero podr\u00e1n comunicarse a personas que act\u00faan como Responsables del Tratamiento (como por ejemplo: agentes de Ave S.p.A., Centro de Asistencia T\u00e9cnica de Ave S.p.A., sociedades o empresas que realizan tareas de mantenimiento, gesti\u00f3n y asesor\u00eda en los sistemas inform\u00e1ticos de Ave S.p.A.) Delegados del Tratamiento y\/o como Encargados del Tratamiento (empleados de Ave S.p.A.). La comunicaci\u00f3n de sus datos a otras personas solo podr\u00e1 realizarse cuando sea necesario para cumplir obligaciones legales o para la protecci\u00f3n de los derechos contractuales de Ave S.p.A. La lista de los Responsables del Tratamiento est\u00e1 disponible en el domicilio social de Ave S.p.A.<\/p>\n<p><strong>6) PERIODO DE CONSERVACI\u00d3N DE LOS DATOS<\/strong>: Sus datos personales se tratar\u00e1n con instrumentos manuales, inform\u00e1ticos y telem\u00e1ticos y se conservar\u00e1n durante el tiempo necesario para conseguir las finalidades arriba descritas y garantizar de forma diligente la prestaci\u00f3n de los servicios solicitados por usted, a menos que sea necesario o est\u00e9 permitido por la ley por un periodo m\u00e1s largo de tiempo.<\/p>\n<p><strong>7) DERECHOS DEL INTERESADO<\/strong>: Usted 1) tiene derecho a saber en cualquier momento si se est\u00e1n tratando sus datos personales o no y, en caso afirmativo, solicitar y obtener el acceso a sus datos personales y a la informaci\u00f3n relativa a la finalidad del tratamiento, a las categor\u00edas de los datos tratados, a los destinatarios de estos, al periodo de conservaci\u00f3n; adem\u00e1s, tiene derecho a tener informaci\u00f3n sobre el origen de los datos y a recibir una copia (art. 15 Reg. UE); 2) tiene derecho en cualquier momento a solicitar la rectificaci\u00f3n y\/o la integraci\u00f3n de los datos personales (art. 16 Reg. UE) y\/o su eliminaci\u00f3n (art. 17 Reg. UE) y\/o la limitaci\u00f3n del tratamiento (art.18 Reg. UE); 3) tiene derecho a la portabilidad de los datos (art. 20 Reg. UE); 4) tiene derecho a oponerse al tratamiento (art. 21 Reg. UE); 5) tiene derecho a reclamar a la autoridad de vigilancia competente (Garante para la protecci\u00f3n de los datos personales) cuando considere que el tratamiento de sus datos personales es contrario a la legislaci\u00f3n vigente. Las solicitudes deber\u00e1n remitirse por escrito v\u00eda correo a Ave S.p.A., Via Mazzini 75 25086 Rezzato (Brescia) Italia a la atenci\u00f3n de la Secretar\u00eda General o por e-mail a <a href=\"mailto:privacy@ave.it\">privacy@ave.it<\/a>.<\/p>\n<p><strong>8) COOKIES<\/strong>: para ampliar la informaci\u00f3n sobre las cookies del presente sitio web, consulta la pol\u00edtica de cookies haciendo clic <a href=\"http:\/\/www.ave.it\/it\/utilizzo-dei-cookie\"><strong>aqu\u00ed<\/strong><\/a> o en el siguiente link <strong><a href=\"http:\/\/www.ave.it\/it\/utilizzo-dei-cookie\">http:\/\/www.ave.it\/it\/utilizzo-dei-cookie<\/a><\/strong>.<\/p>\n<p><strong>Informaci\u00f3n sobre el tratamiento de los datos personales publicada el 29 de enero de 2018. \u00daltima actualizaci\u00f3n 27 de abril de 2018.<\/strong>[\/vc_column_text][\/vc_column][\/vc_row][vc_row css_animation=&#8221;&#8221; row_type=&#8221;row&#8221; use_row_as_full_screen_section=&#8221;no&#8221; type=&#8221;full_width&#8221; angled_section=&#8221;no&#8221; text_align=&#8221;left&#8221; background_image_as_pattern=&#8221;without_pattern&#8221; css=&#8221;.vc_custom_1579191596848{margin-right: 0px !important;margin-left: 0px !important;padding-top: 60px !important;padding-right: 0px !important;padding-left: 0px !important;}&#8221; z_index=&#8221;&#8221;][vc_column css=&#8221;.vc_custom_1536822015464{margin-right: 0px !important;margin-left: 0px !important;padding-right: 0px !important;padding-left: 0px !important;}&#8221;]<div class=\"call_to_action normal\" style=\"background-color: #d53221;padding-top: 80px;padding-bottom: 80px;\"><div class=\"container_inner\"><div class=\"two_columns_75_25 clearfix\"><div class=\"text_wrapper column1\"><div class=\"call_to_action_text \" style=\"\">\n<h2 style=\"color: #fff; text-transform: uppercase;\">Are you interested in our products or solutions?<\/h2>\n<\/div><\/div><div class=\"button_wrapper column2\"><a itemprop=\"url\" href=\"http:\/\/www.ave.it\/en\/request-information\/\" class=\"qbutton white large\" target=\"_self\" style=\"color: #ffffff;border-color: #ffffff;\"data-hover-background-color=#ffffff data-hover-border-color=#ffffff data-hover-color=#d53221>CONTACT US NOW<\/a><\/div><\/div><\/div><\/div>[\/vc_column][\/vc_row]<\/p>\n","protected":false},"excerpt":{"rendered":"<p>[vc_row row_type=&#8221;parallax&#8221; parallax_content_width=&#8221;in_grid&#8221; text_align=&#8221;left&#8221; full_screen_section_height=&#8221;no&#8221; el_id=&#8221;desktop&#8221; el_class=&#8221;title-section-black visible-desktop&#8221; background_image=&#8221;67067&#8243; section_height=&#8221;237&#8243;][vc_column el_class=&#8221;padding-txt-center&#8221;][vc_column_text] AVE [\/vc_column_text][vc_column_text] Politica de privacidad [\/vc_column_text][\/vc_column][\/vc_row][vc_row css_animation=&#8221;&#8221; row_type=&#8221;row&#8221; use_row_as_full_screen_section=&#8221;no&#8221;&#8230;<\/p>\n","protected":false},"author":2,"featured_media":0,"parent":0,"menu_order":0,"comment_status":"closed","ping_status":"closed","template":"full_width.php","meta":[],"yoast_head":"<!-- This site is optimized with the Yoast SEO plugin v20.10 - https:\/\/yoast.com\/wordpress\/plugins\/seo\/ -->\n<title>Pol\u00edticas de privacidad - AVE S.p.A.<\/title>\n<meta name=\"description\" content=\"%\" \/>\n<meta name=\"robots\" content=\"index, follow, max-snippet:-1, max-image-preview:large, max-video-preview:-1\" \/>\n<link rel=\"canonical\" href=\"https:\/\/www.ave.it\/en\/politica-de-privacidad\/\" \/>\n<meta property=\"og:locale\" content=\"en_US\" \/>\n<meta property=\"og:type\" content=\"article\" \/>\n<meta property=\"og:title\" content=\"Pol\u00edticas de privacidad - AVE S.p.A.\" \/>\n<meta property=\"og:description\" content=\"%\" \/>\n<meta property=\"og:url\" content=\"https:\/\/www.ave.it\/en\/politica-de-privacidad\/\" \/>\n<meta property=\"og:site_name\" content=\"AVE S.p.A.\" \/>\n<meta property=\"article:publisher\" content=\"https:\/\/www.facebook.com\/aveinterruttori\/\" \/>\n<meta property=\"article:modified_time\" content=\"2021-09-24T13:05:59+00:00\" \/>\n<meta name=\"twitter:card\" content=\"summary_large_image\" \/>\n<meta name=\"twitter:site\" content=\"@aveinterruttori\" \/>\n<meta name=\"twitter:label1\" content=\"Est. reading time\" \/>\n\t<meta name=\"twitter:data1\" content=\"7 minutes\" \/>\n<script type=\"application\/ld+json\" class=\"yoast-schema-graph\">{\"@context\":\"https:\/\/schema.org\",\"@graph\":[{\"@type\":\"WebPage\",\"@id\":\"https:\/\/www.ave.it\/en\/politica-de-privacidad\/\",\"url\":\"https:\/\/www.ave.it\/en\/politica-de-privacidad\/\",\"name\":\"Pol\u00edticas de privacidad - AVE S.p.A.\",\"isPartOf\":{\"@id\":\"https:\/\/www.ave.it\/en\/#website\"},\"datePublished\":\"2021-09-24T12:47:03+00:00\",\"dateModified\":\"2021-09-24T13:05:59+00:00\",\"description\":\"%\",\"breadcrumb\":{\"@id\":\"https:\/\/www.ave.it\/en\/politica-de-privacidad\/#breadcrumb\"},\"inLanguage\":\"en-US\",\"potentialAction\":[{\"@type\":\"ReadAction\",\"target\":[\"https:\/\/www.ave.it\/en\/politica-de-privacidad\/\"]}]},{\"@type\":\"BreadcrumbList\",\"@id\":\"https:\/\/www.ave.it\/en\/politica-de-privacidad\/#breadcrumb\",\"itemListElement\":[{\"@type\":\"ListItem\",\"position\":1,\"name\":\"Home\",\"item\":\"https:\/\/www.ave.it\/en\/\"},{\"@type\":\"ListItem\",\"position\":2,\"name\":\"Pol\u00edticas de privacidad\"}]},{\"@type\":\"WebSite\",\"@id\":\"https:\/\/www.ave.it\/en\/#website\",\"url\":\"https:\/\/www.ave.it\/en\/\",\"name\":\"AVE S.p.A.\",\"description\":\"\",\"publisher\":{\"@id\":\"https:\/\/www.ave.it\/en\/#organization\"},\"potentialAction\":[{\"@type\":\"SearchAction\",\"target\":{\"@type\":\"EntryPoint\",\"urlTemplate\":\"https:\/\/www.ave.it\/en\/?s={search_term_string}\"},\"query-input\":\"required name=search_term_string\"}],\"inLanguage\":\"en-US\"},{\"@type\":\"Organization\",\"@id\":\"https:\/\/www.ave.it\/en\/#organization\",\"name\":\"Ave S.p.A.\",\"url\":\"https:\/\/www.ave.it\/en\/\",\"logo\":{\"@type\":\"ImageObject\",\"inLanguage\":\"en-US\",\"@id\":\"https:\/\/www.ave.it\/en\/#\/schema\/logo\/image\/\",\"url\":\"http:\/\/www.ave.it\/wp-content\/uploads\/2018\/11\/logo-ave.png\",\"contentUrl\":\"http:\/\/www.ave.it\/wp-content\/uploads\/2018\/11\/logo-ave.png\",\"width\":330,\"height\":142,\"caption\":\"Ave S.p.A.\"},\"image\":{\"@id\":\"https:\/\/www.ave.it\/en\/#\/schema\/logo\/image\/\"},\"sameAs\":[\"https:\/\/www.facebook.com\/aveinterruttori\/\",\"https:\/\/twitter.com\/aveinterruttori\",\"https:\/\/www.instagram.com\/aveinterruttori\/\",\"https:\/\/www.linkedin.com\/company\/ave-spa\/\",\"https:\/\/www.youtube.com\/user\/DominaPlusAve\"]}]}<\/script>\n<!-- \/ Yoast SEO plugin. -->","yoast_head_json":{"title":"Pol\u00edticas de privacidad - AVE S.p.A.","description":"%","robots":{"index":"index","follow":"follow","max-snippet":"max-snippet:-1","max-image-preview":"max-image-preview:large","max-video-preview":"max-video-preview:-1"},"canonical":"https:\/\/www.ave.it\/en\/politica-de-privacidad\/","og_locale":"en_US","og_type":"article","og_title":"Pol\u00edticas de privacidad - AVE S.p.A.","og_description":"%","og_url":"https:\/\/www.ave.it\/en\/politica-de-privacidad\/","og_site_name":"AVE S.p.A.","article_publisher":"https:\/\/www.facebook.com\/aveinterruttori\/","article_modified_time":"2021-09-24T13:05:59+00:00","twitter_card":"summary_large_image","twitter_site":"@aveinterruttori","twitter_misc":{"Est. reading time":"7 minutes"},"schema":{"@context":"https:\/\/schema.org","@graph":[{"@type":"WebPage","@id":"https:\/\/www.ave.it\/en\/politica-de-privacidad\/","url":"https:\/\/www.ave.it\/en\/politica-de-privacidad\/","name":"Pol\u00edticas de privacidad - AVE S.p.A.","isPartOf":{"@id":"https:\/\/www.ave.it\/en\/#website"},"datePublished":"2021-09-24T12:47:03+00:00","dateModified":"2021-09-24T13:05:59+00:00","description":"%","breadcrumb":{"@id":"https:\/\/www.ave.it\/en\/politica-de-privacidad\/#breadcrumb"},"inLanguage":"en-US","potentialAction":[{"@type":"ReadAction","target":["https:\/\/www.ave.it\/en\/politica-de-privacidad\/"]}]},{"@type":"BreadcrumbList","@id":"https:\/\/www.ave.it\/en\/politica-de-privacidad\/#breadcrumb","itemListElement":[{"@type":"ListItem","position":1,"name":"Home","item":"https:\/\/www.ave.it\/en\/"},{"@type":"ListItem","position":2,"name":"Pol\u00edticas de privacidad"}]},{"@type":"WebSite","@id":"https:\/\/www.ave.it\/en\/#website","url":"https:\/\/www.ave.it\/en\/","name":"AVE S.p.A.","description":"","publisher":{"@id":"https:\/\/www.ave.it\/en\/#organization"},"potentialAction":[{"@type":"SearchAction","target":{"@type":"EntryPoint","urlTemplate":"https:\/\/www.ave.it\/en\/?s={search_term_string}"},"query-input":"required name=search_term_string"}],"inLanguage":"en-US"},{"@type":"Organization","@id":"https:\/\/www.ave.it\/en\/#organization","name":"Ave S.p.A.","url":"https:\/\/www.ave.it\/en\/","logo":{"@type":"ImageObject","inLanguage":"en-US","@id":"https:\/\/www.ave.it\/en\/#\/schema\/logo\/image\/","url":"http:\/\/www.ave.it\/wp-content\/uploads\/2018\/11\/logo-ave.png","contentUrl":"http:\/\/www.ave.it\/wp-content\/uploads\/2018\/11\/logo-ave.png","width":330,"height":142,"caption":"Ave S.p.A."},"image":{"@id":"https:\/\/www.ave.it\/en\/#\/schema\/logo\/image\/"},"sameAs":["https:\/\/www.facebook.com\/aveinterruttori\/","https:\/\/twitter.com\/aveinterruttori","https:\/\/www.instagram.com\/aveinterruttori\/","https:\/\/www.linkedin.com\/company\/ave-spa\/","https:\/\/www.youtube.com\/user\/DominaPlusAve"]}]}},"_links":{"self":[{"href":"https:\/\/www.ave.it\/en\/wp-json\/wp\/v2\/pages\/167275"}],"collection":[{"href":"https:\/\/www.ave.it\/en\/wp-json\/wp\/v2\/pages"}],"about":[{"href":"https:\/\/www.ave.it\/en\/wp-json\/wp\/v2\/types\/page"}],"author":[{"embeddable":true,"href":"https:\/\/www.ave.it\/en\/wp-json\/wp\/v2\/users\/2"}],"replies":[{"embeddable":true,"href":"https:\/\/www.ave.it\/en\/wp-json\/wp\/v2\/comments?post=167275"}],"version-history":[{"count":0,"href":"https:\/\/www.ave.it\/en\/wp-json\/wp\/v2\/pages\/167275\/revisions"}],"wp:attachment":[{"href":"https:\/\/www.ave.it\/en\/wp-json\/wp\/v2\/media?parent=167275"}],"curies":[{"name":"wp","href":"https:\/\/api.w.org\/{rel}","templated":true}]}}